{"id":10,"date":"2024-03-14T15:56:28","date_gmt":"2024-03-14T15:56:28","guid":{"rendered":"https:\/\/strategiideviitor.ro\/?page_id=10"},"modified":"2024-05-21T16:57:26","modified_gmt":"2024-05-21T16:57:26","slug":"despre","status":"publish","type":"page","link":"https:\/\/strategiideviitor.ro\/?page_id=10","title":{"rendered":"Despre"},"content":{"rendered":"<div class=\"wpb-content-wrapper\"><p>[vc_row][vc_column][vc_column_text]<\/p>\n<h1><strong>O For\u021b\u0103 Unic\u0103 de 12 Profesioni\u0219ti<\/strong><\/h1>\n<p>[\/vc_column_text][vc_column_text]<\/p>\n<h3>Indiferent de rolul lor \u00een cadrul companiei, fiecare membru al echipei aduce un set unic de abilit\u0103\u021bi \u0219i cuno\u0219tin\u021be care contribuie la realizarea viziunii noastre comune. Cu fiecare proiect pe care \u00eel abord\u0103m, ne str\u0103duim s\u0103 dep\u0103\u0219im a\u0219tept\u0103rile \u0219i s\u0103 oferim rezultate de excep\u021bie clien\u021bilor no\u0219tri.<\/h3>\n<p>[\/vc_column_text][vc_column_text]Fondat\u0103 \u00een 2008, \u00a0am devenit un nume de \u00eencredere \u00een industria construc\u021biilor \u0219i a amenaj\u0103rilor peisagistice. De-a lungul anilor, am creat o reputa\u021bie solid\u0103 bazat\u0103 pe calitate, integritate \u0219i angajament fa\u021b\u0103 de clien\u021bi. Cu fiecare proiect nou, continu\u0103m s\u0103 ne consolid\u0103m pozi\u021bia \u0219i s\u0103 ne extindem expertiza pentru a r\u0103spunde cerin\u021belor \u00een continu\u0103 schimbare ale pie\u021bei.[\/vc_column_text][vc_separator color=&#8221;custom&#8221; accent_color=&#8221;#c53736&#8243;][vc_column_text]<\/p>\n<h2><strong>Angajamentul Nostru:<\/strong><\/h2>\n<p>Echipa noastr\u0103 este angajat\u0103 s\u0103 ofere servicii de calitate, indiferent de dimensiunea sau complexitatea proiectului. Suntem determina\u021bi s\u0103 fim la \u00een\u0103l\u021bimea a\u0219tept\u0103rilor clien\u021bilor no\u0219tri \u0219i s\u0103 oferim solu\u021bii inovatoare \u0219i durabile pentru fiecare sarcin\u0103 pe care o abord\u0103m.<\/p>\n<p>Cu o echip\u0103 dedicat\u0103 \u0219i cu o istorie solid\u0103 \u00een spate, suntem preg\u0103ti\u021bi s\u0103 continu\u0103m s\u0103 aducem viziunile clien\u021bilor no\u0219tri la via\u021b\u0103 \u0219i s\u0103 contribuim la construirea unui viitor mai bun pentru comunit\u0103\u021bile noastre.[\/vc_column_text][vc_row_inner][vc_column_inner width=&#8221;1\/2&#8243;][vc_single_image image=&#8221;63&#8243; img_size=&#8221;full&#8221;][\/vc_column_inner][vc_column_inner width=&#8221;1\/2&#8243;][vc_single_image image=&#8221;48&#8243; img_size=&#8221;full&#8221;][\/vc_column_inner][\/vc_row_inner][vc_empty_space][vc_separator color=&#8221;custom&#8221; accent_color=&#8221;#c53736&#8243;][vc_row_inner][vc_column_inner width=&#8221;1\/4&#8243;][\/vc_column_inner][vc_column_inner width=&#8221;1\/4&#8243;]<div class=\"basel-button-wrapper text-center\"><a href=\"https:\/\/strategiideviitor.ro\/?page_id=8\" title=\"Contact\" class=\"btn btn-color-default btn-style-default btn-size-default\">Contact<\/a><\/div>[\/vc_column_inner][vc_column_inner width=&#8221;1\/4&#8243;]<div class=\"basel-button-wrapper text-center\"><a href=\"https:\/\/strategiideviitor.ro\/?page_id=18\" title=\"Contact\" class=\"btn btn-color-default btn-style-default btn-size-default\">Servicii<\/a><\/div>[\/vc_column_inner][vc_column_inner width=&#8221;1\/4&#8243;][\/vc_column_inner][\/vc_row_inner][\/vc_column][\/vc_row]<\/p>\n<\/div>","protected":false},"excerpt":{"rendered":"<p>[vc_row][vc_column][vc_column_text] O For\u021b\u0103 Unic\u0103 de 12 Profesioni\u0219ti [\/vc_column_text][vc_column_text] Indiferent de rolul lor \u00een cadrul companiei, fiecare membru al echipei aduce<\/p>\n","protected":false},"author":1,"featured_media":0,"parent":0,"menu_order":0,"comment_status":"closed","ping_status":"closed","template":"","meta":{"footnotes":""},"class_list":["post-10","page","type-page","status-publish","hentry"],"_links":{"self":[{"href":"https:\/\/strategiideviitor.ro\/index.php?rest_route=\/wp\/v2\/pages\/10","targetHints":{"allow":["GET"]}}],"collection":[{"href":"https:\/\/strategiideviitor.ro\/index.php?rest_route=\/wp\/v2\/pages"}],"about":[{"href":"https:\/\/strategiideviitor.ro\/index.php?rest_route=\/wp\/v2\/types\/page"}],"author":[{"embeddable":true,"href":"https:\/\/strategiideviitor.ro\/index.php?rest_route=\/wp\/v2\/users\/1"}],"replies":[{"embeddable":true,"href":"https:\/\/strategiideviitor.ro\/index.php?rest_route=%2Fwp%2Fv2%2Fcomments&post=10"}],"version-history":[{"count":7,"href":"https:\/\/strategiideviitor.ro\/index.php?rest_route=\/wp\/v2\/pages\/10\/revisions"}],"predecessor-version":[{"id":96,"href":"https:\/\/strategiideviitor.ro\/index.php?rest_route=\/wp\/v2\/pages\/10\/revisions\/96"}],"wp:attachment":[{"href":"https:\/\/strategiideviitor.ro\/index.php?rest_route=%2Fwp%2Fv2%2Fmedia&parent=10"}],"curies":[{"name":"wp","href":"https:\/\/api.w.org\/{rel}","templated":true}]}}