{"id":2,"date":"2024-03-13T08:21:23","date_gmt":"2024-03-13T08:21:23","guid":{"rendered":"https:\/\/strategiideviitor.ro\/?page_id=2"},"modified":"2024-05-22T11:19:59","modified_gmt":"2024-05-22T11:19:59","slug":"pagina-exemplu","status":"publish","type":"page","link":"https:\/\/strategiideviitor.ro\/","title":{"rendered":"Acasa"},"content":{"rendered":"<div class=\"wpb-content-wrapper\"><p>[vc_row][vc_column][vc_single_image image=&#8221;38&#8243; img_size=&#8221;full&#8221;][\/vc_column][\/vc_row][vc_row][vc_column width=&#8221;5\/6&#8243;][vc_separator color=&#8221;custom&#8221; accent_color=&#8221;#c83c3c&#8221;][vc_column_text]<\/p>\n<h2>Fie c\u0103 v\u0103 g\u00e2ndi\u021bi la construc\u021bia visatei locuin\u021be sau la transformarea unui spa\u021biu \u00eentr-o oaz\u0103 natural\u0103 de frumuse\u021be, suntem aici pentru a v\u0103 ghida fiecare pas al drumului.<\/h2>\n<p>[\/vc_column_text][vc_empty_space][\/vc_column][vc_column width=&#8221;1\/6&#8243;][\/vc_column][\/vc_row][vc_row gap=&#8221;30&#8243;][vc_column width=&#8221;1\/2&#8243;][vc_column_text]<\/p>\n<h2><strong>Construc\u021bii Civile \u0219i Industriale<\/strong><\/h2>\n<p>[\/vc_column_text][vc_separator color=&#8221;custom&#8221; accent_color=&#8221;#c83c3c&#8221;][vc_column_text]<\/p>\n<p style=\"text-align: justify;\">Cu o experien\u021b\u0103 solid\u0103 \u00een construc\u021bii civile \u0219i industriale, ne angaj\u0103m s\u0103 oferim solu\u021bii fiabile \u0219i de \u00eencredere pentru proiectele tale. De la concept la finalizare, fiecare detaliu este atent planificat \u0219i implementat pentru a asigura calitatea \u0219i durabilitatea proiectului final. Indiferent dac\u0103 este vorba despre o locuin\u021b\u0103, un spa\u021biu comercial sau o cl\u0103dire industrial\u0103, suntem aici s\u0103 v\u0103 ajut\u0103m s\u0103 v\u0103 transforma\u021bi visele \u00een realitate.<\/p>\n<p>[\/vc_column_text][\/vc_column][vc_column width=&#8221;1\/2&#8243;][vc_column_text]<\/p>\n<h2><strong>Amenajare Peisagistic\u0103<\/strong><\/h2>\n<p>[\/vc_column_text][vc_separator color=&#8221;custom&#8221; accent_color=&#8221;#c83c3c&#8221;][vc_column_text]<\/p>\n<p style=\"text-align: justify;\">\u00cen ceea ce prive\u0219te amenajarea peisagistic\u0103, suntem pasiona\u021bi de frumuse\u021bea natural\u0103 \u0219i de crearea de spa\u021bii exterioare unice \u0219i pline de via\u021b\u0103. Fie c\u0103 dori\u021bi s\u0103 transforma\u021bi gr\u0103dina dvs. \u00eentr-un col\u021b de paradis sau s\u0103 crea\u021bi un parc public impresionant, avem experien\u021ba \u0219i creativitatea necesare pentru a face ca viziunile dumneavoastr\u0103 s\u0103 prind\u0103 via\u021b\u0103.<\/p>\n<p>[\/vc_column_text][\/vc_column][\/vc_row][vc_row][vc_column]\t\t\t<link rel=\"stylesheet\" id=\"basel-lib-owl-carousel-css\" href=\"https:\/\/strategiideviitor.ro\/wp-content\/themes\/basel\/css\/parts\/lib-owl-carousel.min.css?ver=5.7.2\" type=\"text\/css\" media=\"all\" \/> \t\t\t\t\t\t<link rel=\"stylesheet\" id=\"basel-el-images-gallery-css\" href=\"https:\/\/strategiideviitor.ro\/wp-content\/themes\/basel\/css\/parts\/el-images-gallery.min.css?ver=5.7.2\" type=\"text\/css\" media=\"all\" \/> \t\t\t\t\t\t<div id=\"gallery_309\" class=\"basel-images-gallery  spacing-2 columns-3 view-carousel photoswipe-images\" data-owl-carousel data-autoplay=\"\" data-desktop=\"5\" data-desktop_small=\"4\" data-tablet=\"4\" data-mobile=\"2\">\n\t\t\t\t<div class=\"gallery-images owl-carousel\">\n\t\t\t\t\t\t\t\t\t\t\t\t\t\t\t\t\t\t<div class=\"basel-gallery-item\">\n\t\t\t\t\t\t\t\t\t\t\t\t\t\t\t\t\t<a href=\"https:\/\/strategiideviitor.ro\/wp-content\/uploads\/2024\/03\/WhatsApp-Image-2024-03-20-at-13.53.13-5.jpeg\" data-index=\"1\" data-width=\"1600\" data-height=\"1200\"  >\n\t\t\t\t\t\t\t\t\t\t\t\t\t\t\t\n\t\t\t\t\t\t\t\t\t\t\t\t\t\t\t\t\t<img decoding=\"async\" class=\"basel-gallery-image image-1 \" src=\"https:\/\/strategiideviitor.ro\/wp-content\/uploads\/2024\/03\/WhatsApp-Image-2024-03-20-at-13.53.13-5-500x500.jpeg\" width=\"500\" height=\"500\" alt=\"WhatsApp Image 2024-03-20 at 13.53.13 (5)\" title=\"WhatsApp Image 2024-03-20 at 13.53.13 (5)\" loading=\"lazy\" \/>\t\t\t\t\t\t\t\t\n\t\t\t\t\t\t\t\t\t\t\t\t\t\t\t\t\t<\/a>\n\t\t\t\t\t\t\t\t\t\t\t\t\t\t\t<\/div>\n\t\t\t\t\t\t\t\t\t\t\t\t\t<div class=\"basel-gallery-item\">\n\t\t\t\t\t\t\t\t\t\t\t\t\t\t\t\t\t<a href=\"https:\/\/strategiideviitor.ro\/wp-content\/uploads\/2024\/03\/WhatsApp-Image-2024-03-20-at-13.53.13-4.jpeg\" data-index=\"2\" data-width=\"1600\" data-height=\"1200\"  >\n\t\t\t\t\t\t\t\t\t\t\t\t\t\t\t\n\t\t\t\t\t\t\t\t\t\t\t\t\t\t\t\t\t<img decoding=\"async\" class=\"basel-gallery-image image-2 \" src=\"https:\/\/strategiideviitor.ro\/wp-content\/uploads\/2024\/03\/WhatsApp-Image-2024-03-20-at-13.53.13-4-500x500.jpeg\" width=\"500\" height=\"500\" alt=\"WhatsApp Image 2024-03-20 at 13.53.13 (4)\" title=\"WhatsApp Image 2024-03-20 at 13.53.13 (4)\" loading=\"lazy\" \/>\t\t\t\t\t\t\t\t\n\t\t\t\t\t\t\t\t\t\t\t\t\t\t\t\t\t<\/a>\n\t\t\t\t\t\t\t\t\t\t\t\t\t\t\t<\/div>\n\t\t\t\t\t\t\t\t\t\t\t\t\t<div class=\"basel-gallery-item\">\n\t\t\t\t\t\t\t\t\t\t\t\t\t\t\t\t\t<a href=\"https:\/\/strategiideviitor.ro\/wp-content\/uploads\/2024\/03\/WhatsApp-Image-2024-03-20-at-13.53.13-3.jpeg\" data-index=\"3\" data-width=\"1600\" data-height=\"1200\"  >\n\t\t\t\t\t\t\t\t\t\t\t\t\t\t\t\n\t\t\t\t\t\t\t\t\t\t\t\t\t\t\t\t\t<img decoding=\"async\" class=\"basel-gallery-image image-3 \" src=\"https:\/\/strategiideviitor.ro\/wp-content\/uploads\/2024\/03\/WhatsApp-Image-2024-03-20-at-13.53.13-3-500x500.jpeg\" width=\"500\" height=\"500\" alt=\"WhatsApp Image 2024-03-20 at 13.53.13 (3)\" title=\"WhatsApp Image 2024-03-20 at 13.53.13 (3)\" loading=\"lazy\" \/>\t\t\t\t\t\t\t\t\n\t\t\t\t\t\t\t\t\t\t\t\t\t\t\t\t\t<\/a>\n\t\t\t\t\t\t\t\t\t\t\t\t\t\t\t<\/div>\n\t\t\t\t\t\t\t\t\t\t\t\t\t<div class=\"basel-gallery-item\">\n\t\t\t\t\t\t\t\t\t\t\t\t\t\t\t\t\t<a href=\"https:\/\/strategiideviitor.ro\/wp-content\/uploads\/2024\/03\/WhatsApp-Image-2024-03-20-at-13.53.13-2.jpeg\" data-index=\"4\" data-width=\"1600\" data-height=\"1200\"  >\n\t\t\t\t\t\t\t\t\t\t\t\t\t\t\t\n\t\t\t\t\t\t\t\t\t\t\t\t\t\t\t\t\t<img decoding=\"async\" class=\"basel-gallery-image image-4 \" src=\"https:\/\/strategiideviitor.ro\/wp-content\/uploads\/2024\/03\/WhatsApp-Image-2024-03-20-at-13.53.13-2-500x500.jpeg\" width=\"500\" height=\"500\" alt=\"WhatsApp Image 2024-03-20 at 13.53.13 (2)\" title=\"WhatsApp Image 2024-03-20 at 13.53.13 (2)\" loading=\"lazy\" \/>\t\t\t\t\t\t\t\t\n\t\t\t\t\t\t\t\t\t\t\t\t\t\t\t\t\t<\/a>\n\t\t\t\t\t\t\t\t\t\t\t\t\t\t\t<\/div>\n\t\t\t\t\t\t\t\t\t\t\t\t\t<div class=\"basel-gallery-item\">\n\t\t\t\t\t\t\t\t\t\t\t\t\t\t\t\t\t<a href=\"https:\/\/strategiideviitor.ro\/wp-content\/uploads\/2024\/03\/WhatsApp-Image-2024-03-20-at-13.53.13-1.jpeg\" data-index=\"5\" data-width=\"1500\" data-height=\"1125\"  >\n\t\t\t\t\t\t\t\t\t\t\t\t\t\t\t\n\t\t\t\t\t\t\t\t\t\t\t\t\t\t\t\t\t<img decoding=\"async\" class=\"basel-gallery-image image-5 \" src=\"https:\/\/strategiideviitor.ro\/wp-content\/uploads\/2024\/03\/WhatsApp-Image-2024-03-20-at-13.53.13-1-500x500.jpeg\" width=\"500\" height=\"500\" alt=\"WhatsApp Image 2024-03-20 at 13.53.13 (1)\" title=\"WhatsApp Image 2024-03-20 at 13.53.13 (1)\" loading=\"lazy\" \/>\t\t\t\t\t\t\t\t\n\t\t\t\t\t\t\t\t\t\t\t\t\t\t\t\t\t<\/a>\n\t\t\t\t\t\t\t\t\t\t\t\t\t\t\t<\/div>\n\t\t\t\t\t\t\t\t\t\t\t\t\t<div class=\"basel-gallery-item\">\n\t\t\t\t\t\t\t\t\t\t\t\t\t\t\t\t\t<a href=\"https:\/\/strategiideviitor.ro\/wp-content\/uploads\/2024\/03\/WhatsApp-Image-2024-03-20-at-13.53.12.jpeg\" data-index=\"6\" data-width=\"1600\" data-height=\"1200\"  >\n\t\t\t\t\t\t\t\t\t\t\t\t\t\t\t\n\t\t\t\t\t\t\t\t\t\t\t\t\t\t\t\t\t<img decoding=\"async\" class=\"basel-gallery-image image-6 \" src=\"https:\/\/strategiideviitor.ro\/wp-content\/uploads\/2024\/03\/WhatsApp-Image-2024-03-20-at-13.53.12-500x500.jpeg\" width=\"500\" height=\"500\" alt=\"WhatsApp Image 2024-03-20 at 13.53.12\" title=\"WhatsApp Image 2024-03-20 at 13.53.12\" loading=\"lazy\" \/>\t\t\t\t\t\t\t\t\n\t\t\t\t\t\t\t\t\t\t\t\t\t\t\t\t\t<\/a>\n\t\t\t\t\t\t\t\t\t\t\t\t\t\t\t<\/div>\n\t\t\t\t\t\t\t\t\t\t\t\t\t<div class=\"basel-gallery-item\">\n\t\t\t\t\t\t\t\t\t\t\t\t\t\t\t\t\t<a href=\"https:\/\/strategiideviitor.ro\/wp-content\/uploads\/2024\/03\/WhatsApp-Image-2024-03-20-at-13.53.12-5.jpeg\" data-index=\"7\" data-width=\"1592\" data-height=\"1194\"  >\n\t\t\t\t\t\t\t\t\t\t\t\t\t\t\t\n\t\t\t\t\t\t\t\t\t\t\t\t\t\t\t\t\t<img decoding=\"async\" class=\"basel-gallery-image image-7 \" src=\"https:\/\/strategiideviitor.ro\/wp-content\/uploads\/2024\/03\/WhatsApp-Image-2024-03-20-at-13.53.12-5-500x500.jpeg\" width=\"500\" height=\"500\" alt=\"WhatsApp Image 2024-03-20 at 13.53.12 (5)\" title=\"WhatsApp Image 2024-03-20 at 13.53.12 (5)\" loading=\"lazy\" \/>\t\t\t\t\t\t\t\t\n\t\t\t\t\t\t\t\t\t\t\t\t\t\t\t\t\t<\/a>\n\t\t\t\t\t\t\t\t\t\t\t\t\t\t\t<\/div>\n\t\t\t\t\t\t\t\t\t\t\t\t\t<div class=\"basel-gallery-item\">\n\t\t\t\t\t\t\t\t\t\t\t\t\t\t\t\t\t<a href=\"https:\/\/strategiideviitor.ro\/wp-content\/uploads\/2024\/03\/WhatsApp-Image-2024-03-20-at-13.53.12-4.jpeg\" data-index=\"8\" data-width=\"1600\" data-height=\"1200\"  >\n\t\t\t\t\t\t\t\t\t\t\t\t\t\t\t\n\t\t\t\t\t\t\t\t\t\t\t\t\t\t\t\t\t<img decoding=\"async\" class=\"basel-gallery-image image-8 \" src=\"https:\/\/strategiideviitor.ro\/wp-content\/uploads\/2024\/03\/WhatsApp-Image-2024-03-20-at-13.53.12-4-500x500.jpeg\" width=\"500\" height=\"500\" alt=\"WhatsApp Image 2024-03-20 at 13.53.12 (4)\" title=\"WhatsApp Image 2024-03-20 at 13.53.12 (4)\" loading=\"lazy\" \/>\t\t\t\t\t\t\t\t\n\t\t\t\t\t\t\t\t\t\t\t\t\t\t\t\t\t<\/a>\n\t\t\t\t\t\t\t\t\t\t\t\t\t\t\t<\/div>\n\t\t\t\t\t\t\t\t\t\t\t\t\t<div class=\"basel-gallery-item\">\n\t\t\t\t\t\t\t\t\t\t\t\t\t\t\t\t\t<a href=\"https:\/\/strategiideviitor.ro\/wp-content\/uploads\/2024\/03\/WhatsApp-Image-2024-03-20-at-13.53.12-2.jpeg\" data-index=\"9\" data-width=\"1600\" data-height=\"1200\"  >\n\t\t\t\t\t\t\t\t\t\t\t\t\t\t\t\n\t\t\t\t\t\t\t\t\t\t\t\t\t\t\t\t\t<img decoding=\"async\" class=\"basel-gallery-image image-9 \" src=\"https:\/\/strategiideviitor.ro\/wp-content\/uploads\/2024\/03\/WhatsApp-Image-2024-03-20-at-13.53.12-2-500x500.jpeg\" width=\"500\" height=\"500\" alt=\"WhatsApp Image 2024-03-20 at 13.53.12 (2)\" title=\"WhatsApp Image 2024-03-20 at 13.53.12 (2)\" loading=\"lazy\" \/>\t\t\t\t\t\t\t\t\n\t\t\t\t\t\t\t\t\t\t\t\t\t\t\t\t\t<\/a>\n\t\t\t\t\t\t\t\t\t\t\t\t\t\t\t<\/div>\n\t\t\t\t\t\t\t\t\t\t\t\t\t<div class=\"basel-gallery-item\">\n\t\t\t\t\t\t\t\t\t\t\t\t\t\t\t\t\t<a href=\"https:\/\/strategiideviitor.ro\/wp-content\/uploads\/2024\/03\/WhatsApp-Image-2024-03-20-at-13.53.12-1.jpeg\" data-index=\"10\" data-width=\"1600\" data-height=\"1200\"  >\n\t\t\t\t\t\t\t\t\t\t\t\t\t\t\t\n\t\t\t\t\t\t\t\t\t\t\t\t\t\t\t\t\t<img decoding=\"async\" class=\"basel-gallery-image image-10 \" src=\"https:\/\/strategiideviitor.ro\/wp-content\/uploads\/2024\/03\/WhatsApp-Image-2024-03-20-at-13.53.12-1-500x500.jpeg\" width=\"500\" height=\"500\" alt=\"WhatsApp Image 2024-03-20 at 13.53.12 (1)\" title=\"WhatsApp Image 2024-03-20 at 13.53.12 (1)\" loading=\"lazy\" \/>\t\t\t\t\t\t\t\t\n\t\t\t\t\t\t\t\t\t\t\t\t\t\t\t\t\t<\/a>\n\t\t\t\t\t\t\t\t\t\t\t\t\t\t\t<\/div>\n\t\t\t\t\t\t\t\t\t\t\t\t\t<div class=\"basel-gallery-item\">\n\t\t\t\t\t\t\t\t\t\t\t\t\t\t\t\t\t<a href=\"https:\/\/strategiideviitor.ro\/wp-content\/uploads\/2024\/03\/WhatsApp-Image-2024-03-20-at-13.53.11-7.jpeg\" data-index=\"11\" data-width=\"1600\" data-height=\"1200\"  >\n\t\t\t\t\t\t\t\t\t\t\t\t\t\t\t\n\t\t\t\t\t\t\t\t\t\t\t\t\t\t\t\t\t<img decoding=\"async\" class=\"basel-gallery-image image-11 \" src=\"https:\/\/strategiideviitor.ro\/wp-content\/uploads\/2024\/03\/WhatsApp-Image-2024-03-20-at-13.53.11-7-500x500.jpeg\" width=\"500\" height=\"500\" alt=\"WhatsApp Image 2024-03-20 at 13.53.11 (7)\" title=\"WhatsApp Image 2024-03-20 at 13.53.11 (7)\" loading=\"lazy\" \/>\t\t\t\t\t\t\t\t\n\t\t\t\t\t\t\t\t\t\t\t\t\t\t\t\t\t<\/a>\n\t\t\t\t\t\t\t\t\t\t\t\t\t\t\t<\/div>\n\t\t\t\t\t\t\t\t\t\t\t\t\t<div class=\"basel-gallery-item\">\n\t\t\t\t\t\t\t\t\t\t\t\t\t\t\t\t\t<a href=\"https:\/\/strategiideviitor.ro\/wp-content\/uploads\/2024\/03\/WhatsApp-Image-2024-03-20-at-13.53.11-6.jpeg\" data-index=\"12\" data-width=\"1600\" data-height=\"1200\"  >\n\t\t\t\t\t\t\t\t\t\t\t\t\t\t\t\n\t\t\t\t\t\t\t\t\t\t\t\t\t\t\t\t\t<img decoding=\"async\" class=\"basel-gallery-image image-12 \" src=\"https:\/\/strategiideviitor.ro\/wp-content\/uploads\/2024\/03\/WhatsApp-Image-2024-03-20-at-13.53.11-6-500x500.jpeg\" width=\"500\" height=\"500\" alt=\"WhatsApp Image 2024-03-20 at 13.53.11 (6)\" title=\"WhatsApp Image 2024-03-20 at 13.53.11 (6)\" loading=\"lazy\" \/>\t\t\t\t\t\t\t\t\n\t\t\t\t\t\t\t\t\t\t\t\t\t\t\t\t\t<\/a>\n\t\t\t\t\t\t\t\t\t\t\t\t\t\t\t<\/div>\n\t\t\t\t\t\t\t\t\t\t\t\t\t<div class=\"basel-gallery-item\">\n\t\t\t\t\t\t\t\t\t\t\t\t\t\t\t\t\t<a href=\"https:\/\/strategiideviitor.ro\/wp-content\/uploads\/2024\/03\/WhatsApp-Image-2024-03-20-at-13.53.11-5.jpeg\" data-index=\"13\" data-width=\"1600\" data-height=\"1200\"  >\n\t\t\t\t\t\t\t\t\t\t\t\t\t\t\t\n\t\t\t\t\t\t\t\t\t\t\t\t\t\t\t\t\t<img decoding=\"async\" class=\"basel-gallery-image image-13 \" src=\"https:\/\/strategiideviitor.ro\/wp-content\/uploads\/2024\/03\/WhatsApp-Image-2024-03-20-at-13.53.11-5-500x500.jpeg\" width=\"500\" height=\"500\" alt=\"WhatsApp Image 2024-03-20 at 13.53.11 (5)\" title=\"WhatsApp Image 2024-03-20 at 13.53.11 (5)\" loading=\"lazy\" \/>\t\t\t\t\t\t\t\t\n\t\t\t\t\t\t\t\t\t\t\t\t\t\t\t\t\t<\/a>\n\t\t\t\t\t\t\t\t\t\t\t\t\t\t\t<\/div>\n\t\t\t\t\t\t\t\t\t\t\t\t\t<div class=\"basel-gallery-item\">\n\t\t\t\t\t\t\t\t\t\t\t\t\t\t\t\t\t<a href=\"https:\/\/strategiideviitor.ro\/wp-content\/uploads\/2024\/03\/WhatsApp-Image-2024-03-20-at-13.53.11-3.jpeg\" data-index=\"14\" data-width=\"1599\" data-height=\"1199\"  >\n\t\t\t\t\t\t\t\t\t\t\t\t\t\t\t\n\t\t\t\t\t\t\t\t\t\t\t\t\t\t\t\t\t<img decoding=\"async\" class=\"basel-gallery-image image-14 \" src=\"https:\/\/strategiideviitor.ro\/wp-content\/uploads\/2024\/03\/WhatsApp-Image-2024-03-20-at-13.53.11-3-500x500.jpeg\" width=\"500\" height=\"500\" alt=\"WhatsApp Image 2024-03-20 at 13.53.11 (3)\" title=\"WhatsApp Image 2024-03-20 at 13.53.11 (3)\" loading=\"lazy\" \/>\t\t\t\t\t\t\t\t\n\t\t\t\t\t\t\t\t\t\t\t\t\t\t\t\t\t<\/a>\n\t\t\t\t\t\t\t\t\t\t\t\t\t\t\t<\/div>\n\t\t\t\t\t\t\t\t\t\t\t\t\t<div class=\"basel-gallery-item\">\n\t\t\t\t\t\t\t\t\t\t\t\t\t\t\t\t\t<a href=\"https:\/\/strategiideviitor.ro\/wp-content\/uploads\/2024\/03\/WhatsApp-Image-2024-03-20-at-13.53.11-2.jpeg\" data-index=\"15\" data-width=\"1600\" data-height=\"1199\"  >\n\t\t\t\t\t\t\t\t\t\t\t\t\t\t\t\n\t\t\t\t\t\t\t\t\t\t\t\t\t\t\t\t\t<img decoding=\"async\" class=\"basel-gallery-image image-15 \" src=\"https:\/\/strategiideviitor.ro\/wp-content\/uploads\/2024\/03\/WhatsApp-Image-2024-03-20-at-13.53.11-2-500x500.jpeg\" width=\"500\" height=\"500\" alt=\"WhatsApp Image 2024-03-20 at 13.53.11 (2)\" title=\"WhatsApp Image 2024-03-20 at 13.53.11 (2)\" loading=\"lazy\" \/>\t\t\t\t\t\t\t\t\n\t\t\t\t\t\t\t\t\t\t\t\t\t\t\t\t\t<\/a>\n\t\t\t\t\t\t\t\t\t\t\t\t\t\t\t<\/div>\n\t\t\t\t\t\t\t\t\t\t\t\t\t<div class=\"basel-gallery-item\">\n\t\t\t\t\t\t\t\t\t\t\t\t\t\t\t\t\t<a href=\"https:\/\/strategiideviitor.ro\/wp-content\/uploads\/2024\/03\/WhatsApp-Image-2024-03-20-at-14.16.06-1-1.jpeg\" data-index=\"16\" data-width=\"1600\" data-height=\"864\"  >\n\t\t\t\t\t\t\t\t\t\t\t\t\t\t\t\n\t\t\t\t\t\t\t\t\t\t\t\t\t\t\t\t\t<img decoding=\"async\" class=\"basel-gallery-image image-16 \" src=\"https:\/\/strategiideviitor.ro\/wp-content\/uploads\/2024\/03\/WhatsApp-Image-2024-03-20-at-14.16.06-1-1-500x500.jpeg\" width=\"500\" height=\"500\" alt=\"WhatsApp-Image-2024-03-20-at-14.16.06-1\" title=\"WhatsApp-Image-2024-03-20-at-14.16.06-1\" loading=\"lazy\" \/>\t\t\t\t\t\t\t\t\n\t\t\t\t\t\t\t\t\t\t\t\t\t\t\t\t\t<\/a>\n\t\t\t\t\t\t\t\t\t\t\t\t\t\t\t<\/div>\n\t\t\t\t\t\t\t\t\t\t\t\t\t<div class=\"basel-gallery-item\">\n\t\t\t\t\t\t\t\t\t\t\t\t\t\t\t\t\t<a href=\"https:\/\/strategiideviitor.ro\/wp-content\/uploads\/2024\/03\/WhatsApp-Image-2024-03-20-at-14.16.06-1.jpeg\" data-index=\"17\" data-width=\"1600\" data-height=\"1200\"  >\n\t\t\t\t\t\t\t\t\t\t\t\t\t\t\t\n\t\t\t\t\t\t\t\t\t\t\t\t\t\t\t\t\t<img decoding=\"async\" class=\"basel-gallery-image image-17 \" src=\"https:\/\/strategiideviitor.ro\/wp-content\/uploads\/2024\/03\/WhatsApp-Image-2024-03-20-at-14.16.06-1-500x500.jpeg\" width=\"500\" height=\"500\" alt=\"WhatsApp Image 2024-03-20 at 14.16.06 (1)\" title=\"WhatsApp Image 2024-03-20 at 14.16.06 (1)\" loading=\"lazy\" \/>\t\t\t\t\t\t\t\t\n\t\t\t\t\t\t\t\t\t\t\t\t\t\t\t\t\t<\/a>\n\t\t\t\t\t\t\t\t\t\t\t\t\t\t\t<\/div>\n\t\t\t\t\t\t\t\t\t\t\t\t\t\t\t<\/div>\n\t\t\t<\/div>\n\t\t\t\t\t[\/vc_column][\/vc_row][vc_row][vc_column width=&#8221;5\/6&#8243;][vc_separator color=&#8221;custom&#8221; accent_color=&#8221;#c83c3c&#8221;][vc_column_text]<strong>De ce s\u0103 ne alege\u021b:<\/strong><\/p>\n<ul>\n<li>Experien\u021b\u0103 \u0219i Expertiz\u0103: Cu ani de experien\u021b\u0103 \u00een domeniile construc\u021biilor \u0219i amenaj\u0103rilor peisagistice, suntem preg\u0103ti\u021bi s\u0103 gestion\u0103m proiectele de orice dimensiune \u0219i complexitate.<\/li>\n<li>Echip\u0103 Talentat\u0103 \u0219i Dedicat\u0103: Echipa noastr\u0103 este format\u0103 din profesioni\u0219ti talenta\u021bi \u0219i pasiona\u021bi, gata s\u0103 v\u0103 ofere solu\u021bii personalizate \u0219i de calitate.<\/li>\n<li>Angajamentul Fa\u021b\u0103 de Calitate: Ne angaj\u0103m s\u0103 oferim servicii de calitate, respect\u00e2nd cele mai stricte standarde de calitate \u0219i siguran\u021b\u0103.<\/li>\n<\/ul>\n<p>[\/vc_column_text][\/vc_column][vc_column width=&#8221;1\/6&#8243;][\/vc_column][\/vc_row]<\/p>\n<\/div>","protected":false},"excerpt":{"rendered":"<p>[vc_row][vc_column][vc_single_image image=&#8221;38&#8243; img_size=&#8221;full&#8221;][\/vc_column][\/vc_row][vc_row][vc_column width=&#8221;5\/6&#8243;][vc_separator color=&#8221;custom&#8221; accent_color=&#8221;#c83c3c&#8221;][vc_column_text] Fie c\u0103 v\u0103 g\u00e2ndi\u021bi la construc\u021bia visatei locuin\u021be sau la transformarea unui spa\u021biu \u00eentr-o<\/p>\n","protected":false},"author":1,"featured_media":0,"parent":0,"menu_order":0,"comment_status":"closed","ping_status":"open","template":"","meta":{"footnotes":""},"class_list":["post-2","page","type-page","status-publish","hentry"],"_links":{"self":[{"href":"https:\/\/strategiideviitor.ro\/index.php?rest_route=\/wp\/v2\/pages\/2","targetHints":{"allow":["GET"]}}],"collection":[{"href":"https:\/\/strategiideviitor.ro\/index.php?rest_route=\/wp\/v2\/pages"}],"about":[{"href":"https:\/\/strategiideviitor.ro\/index.php?rest_route=\/wp\/v2\/types\/page"}],"author":[{"embeddable":true,"href":"https:\/\/strategiideviitor.ro\/index.php?rest_route=\/wp\/v2\/users\/1"}],"replies":[{"embeddable":true,"href":"https:\/\/strategiideviitor.ro\/index.php?rest_route=%2Fwp%2Fv2%2Fcomments&post=2"}],"version-history":[{"count":12,"href":"https:\/\/strategiideviitor.ro\/index.php?rest_route=\/wp\/v2\/pages\/2\/revisions"}],"predecessor-version":[{"id":97,"href":"https:\/\/strategiideviitor.ro\/index.php?rest_route=\/wp\/v2\/pages\/2\/revisions\/97"}],"wp:attachment":[{"href":"https:\/\/strategiideviitor.ro\/index.php?rest_route=%2Fwp%2Fv2%2Fmedia&parent=2"}],"curies":[{"name":"wp","href":"https:\/\/api.w.org\/{rel}","templated":true}]}}